{"id":157237,"date":"2025-05-20T10:27:12","date_gmt":"2025-05-20T08:27:12","guid":{"rendered":"https:\/\/www.receptif-ouest.fr\/brittany\/"},"modified":"2025-07-29T09:35:35","modified_gmt":"2025-07-29T07:35:35","slug":"brittany","status":"publish","type":"page","link":"https:\/\/www.receptif-ouest.fr\/en\/brittany\/","title":{"rendered":"Brittany"},"content":{"rendered":"<div class=\"wpb-content-wrapper\"><p>[vc_row row_height_percent=&#8221;50&#8243; back_color=&#8221;color-wayh&#8221; back_image=&#8221;156258&#8243; kburns=&#8221;yes&#8221; overlay_alpha=&#8221;50&#8243; gutter_size=&#8221;3&#8243; column_width_percent=&#8221;100&#8243; shift_y=&#8221;0&#8243; z_index=&#8221;0&#8243; auto_height_device=&#8221;yes&#8221; content_parallax=&#8221;0&#8243; uncode_shortcode_id=&#8221;985062&#8243; back_color_type=&#8221;uncode-palette&#8221;][vc_column column_width_percent=&#8221;100&#8243; gutter_size=&#8221;3&#8243; override_padding=&#8221;yes&#8221; column_padding=&#8221;3&#8243; style=&#8221;dark&#8221; overlay_alpha=&#8221;50&#8243; shift_x=&#8221;0&#8243; shift_y=&#8221;0&#8243; shift_y_down=&#8221;0&#8243; z_index=&#8221;0&#8243; medium_width=&#8221;0&#8243; mobile_width=&#8221;0&#8243; width=&#8221;1\/1&#8243; mobile_height=&#8221;340&#8243; uncode_shortcode_id=&#8221;201121&#8243;][\/vc_column][\/vc_row][vc_row row_height_percent=&#8221;0&#8243; override_padding=&#8221;yes&#8221; h_padding=&#8221;3&#8243; top_padding=&#8221;2&#8243; bottom_padding=&#8221;3&#8243; overlay_alpha=&#8221;50&#8243; gutter_size=&#8221;3&#8243; column_width_use_pixel=&#8221;yes&#8221; shift_y=&#8221;0&#8243; z_index=&#8221;2&#8243; content_parallax=&#8221;0&#8243; uncode_shortcode_id=&#8221;234777&#8243;][vc_column column_width_percent=&#8221;100&#8243; align_horizontal=&#8221;align_center&#8221; gutter_size=&#8221;3&#8243; override_padding=&#8221;yes&#8221; column_padding=&#8221;2&#8243; style=&#8221;dark&#8221; back_color=&#8221;color-rgdb&#8221; overlay_alpha=&#8221;50&#8243; shadow=&#8221;lg&#8221; shift_x=&#8221;0&#8243; shift_y=&#8221;-4&#8243; shift_y_fixed=&#8221;yes&#8221; shift_y_down=&#8221;0&#8243; z_index=&#8221;0&#8243; medium_width=&#8221;0&#8243; mobile_width=&#8221;0&#8243; width=&#8221;1\/1&#8243; uncode_shortcode_id=&#8221;159377&#8243; back_color_type=&#8221;uncode-palette&#8221;][vc_row_inner row_inner_height_percent=&#8221;0&#8243; overlay_alpha=&#8221;50&#8243; equal_height=&#8221;yes&#8221; gutter_size=&#8221;0&#8243; shift_y=&#8221;0&#8243;][vc_column_inner column_width_percent=&#8221;100&#8243; position_vertical=&#8221;middle&#8221; align_horizontal=&#8221;align_right&#8221; gutter_size=&#8221;3&#8243; style=&#8221;dark&#8221; overlay_alpha=&#8221;50&#8243; border_color=&#8221;color-gyho&#8221; border_style=&#8221;solid&#8221; shift_x=&#8221;0&#8243; shift_y=&#8221;0&#8243; shift_y_down=&#8221;0&#8243; z_index=&#8221;0&#8243; medium_width=&#8221;2&#8243; mobile_visibility=&#8221;yes&#8221; align_mobile=&#8221;align_center_mobile&#8221; mobile_width=&#8221;0&#8243; width=&#8221;3\/12&#8243; css=&#8221;.vc_custom_1752139763739{border-right-width: 1px !important;}&#8221; uncode_shortcode_id=&#8221;659484&#8243; border_color_type=&#8221;uncode-palette&#8221;][vc_single_image media=&#8221;75&#8243; media_width_percent=&#8221;100&#8243; uncode_shortcode_id=&#8221;140683&#8243;][\/vc_column_inner][vc_column_inner column_width_percent=&#8221;100&#8243; position_vertical=&#8221;middle&#8221; gutter_size=&#8221;3&#8243; override_padding=&#8221;yes&#8221; column_padding=&#8221;2&#8243; style=&#8221;dark&#8221; overlay_alpha=&#8221;50&#8243; shift_x=&#8221;0&#8243; shift_y=&#8221;0&#8243; shift_y_down=&#8221;0&#8243; z_index=&#8221;0&#8243; medium_width=&#8221;6&#8243; align_mobile=&#8221;align_center_mobile&#8221; mobile_width=&#8221;0&#8243; width=&#8221;9\/12&#8243; uncode_shortcode_id=&#8221;997821&#8243;][vc_custom_heading heading_semantic=&#8221;h1&#8243; text_font=&#8221;font-207365&#8243; uncode_shortcode_id=&#8221;334314&#8243;]Your tailor-made group holiday in <strong>Brittany<\/strong>[\/vc_custom_heading][\/vc_column_inner][\/vc_row_inner][\/vc_column][\/vc_row][vc_row row_height_percent=&#8221;0&#8243; overlay_alpha=&#8221;50&#8243; gutter_size=&#8221;3&#8243; column_width_percent=&#8221;100&#8243; shift_y=&#8221;0&#8243; z_index=&#8221;0&#8243; content_parallax=&#8221;0&#8243; uncode_shortcode_id=&#8221;203244&#8243;][vc_column column_width_percent=&#8221;100&#8243; gutter_size=&#8221;3&#8243; overlay_alpha=&#8221;50&#8243; shift_x=&#8221;0&#8243; shift_y=&#8221;0&#8243; shift_y_down=&#8221;0&#8243; z_index=&#8221;0&#8243; medium_width=&#8221;0&#8243; mobile_width=&#8221;0&#8243; width=&#8221;2\/3&#8243; uncode_shortcode_id=&#8221;308643&#8243;][vc_custom_heading text_color=&#8221;accent&#8221; heading_semantic=&#8221;p&#8221; text_size=&#8221;h6&#8243; text_transform=&#8221;uppercase&#8221; uncode_shortcode_id=&#8221;137771&#8243; text_color_type=&#8221;uncode-palette&#8221;]Authentic, iodized Brittany[\/vc_custom_heading][vc_custom_heading text_font=&#8221;font-207365&#8243; uncode_shortcode_id=&#8221;911694&#8243;]Group holidays in Brittany: privateer cities, islands and local traditions[\/vc_custom_heading][vc_separator sep_color=&#8221;accent&#8221; uncode_shortcode_id=&#8221;720004&#8243; sep_color_type=&#8221;uncode-palette&#8221;][vc_column_text text_lead=&#8221;yes&#8221; uncode_shortcode_id=&#8221;609057&#8243;]Our &#8220;\u00e0 la carte&#8221; stays live up to a promise: &#8220;Experience Brittany!<\/p>\n<p>Discover the Emerald Coast, with its medieval towns (Dinan, Dol-de-Bretagne, Saint-Malo), breathtaking cruises on the Rance, Cap Fr\u00e9hel (one of the most beautiful natural sites in Northern Brittany), panoramic views over the Bay from Saint-Briac to Dinard, via Saint-Lunaire and the Pointe du D\u00e9coll\u00e9.<\/p>\n<p>The magnificent C\u00f4te de Granit Rose leads to Ploumanac&#8217;h, a village attached to Perros-Guirec, and voted Village Pr\u00e9f\u00e9r\u00e9 des Fran\u00e7ais\u00ae in 2015.<\/p>\n<p>But you can&#8217;t imagine Brittany without Finist\u00e8re, C\u00f4tes-d&#8217;Armor or the magnificent Golfe du Morbihan and the famous menhirs of Carnac. As you can see, there&#8217;s plenty to do, and in addition to its breathtaking coastline and islands, the discovery of its traditional villages, its beliefs, its gastronomy and its bagads, makes Brittany a top destination![\/vc_column_text][vc_separator sep_color=&#8221;,Default&#8221;][vc_gallery el_id=&#8221;gallery-202515&#8243; medias=&#8221;156260,156259,156258,156257,156256,156130&#8243; gutter_size=&#8221;3&#8243; screen_lg=&#8221;1000&#8243; screen_md=&#8221;600&#8243; screen_sm=&#8221;480&#8243; images_size=&#8221;four-three&#8221; single_overlay_opacity=&#8221;50&#8243; single_padding=&#8221;2&#8243; uncode_shortcode_id=&#8221;973639&#8243;][\/vc_column][vc_column column_width_percent=&#8221;100&#8243; align_horizontal=&#8221;align_center&#8221; gutter_size=&#8221;3&#8243; override_padding=&#8221;yes&#8221; column_padding=&#8221;2&#8243; overlay_alpha=&#8221;50&#8243; shadow=&#8221;std&#8221; shift_x=&#8221;0&#8243; shift_y=&#8221;0&#8243; shift_y_down=&#8221;0&#8243; z_index=&#8221;0&#8243; medium_width=&#8221;0&#8243; mobile_width=&#8221;0&#8243; sticky=&#8221;yes&#8221; width=&#8221;1\/3&#8243; uncode_shortcode_id=&#8221;133425&#8243;][vc_column_text text_lead=&#8221;yes&#8221; uncode_shortcode_id=&#8221;155115&#8243; css=&#8221;.vc_custom_1752153827029{padding-top: 10px !important;}&#8221;]Planning a trip to Brittany for your group? Our team is at your disposal to design a program adapted to your group.[\/vc_column_text][vc_button button_color=&#8221;accent&#8221; size=&#8221;btn-lg&#8221; border_width=&#8221;0&#8243; uncode_shortcode_id=&#8221;202086&#8243; button_color_type=&#8221;uncode-palette&#8221; link=&#8221;url:https%3A%2F%2Fwww.receptif-ouest.fr%2Fen%2Fcontact%2F|title:Contact|&#8221;]Contact us[\/vc_button][vc_button button_color=&#8221;accent&#8221; size=&#8221;btn-lg&#8221; outline=&#8221;yes&#8221; border_width=&#8221;0&#8243; uncode_shortcode_id=&#8221;159908&#8243; button_color_type=&#8221;uncode-palette&#8221; link=&#8221;url:https%3A%2F%2Fwww.receptif-ouest.fr%2Fen%2Ftailor-made-holidays-our-destinations%2F|&#8221;]All our destinations[\/vc_button][\/vc_column][\/vc_row][vc_row row_height_percent=&#8221;0&#8243; override_padding=&#8221;yes&#8221; h_padding=&#8221;2&#8243; top_padding=&#8221;2&#8243; bottom_padding=&#8221;1&#8243; overlay_alpha=&#8221;50&#8243; gutter_size=&#8221;3&#8243; column_width_percent=&#8221;100&#8243; shift_y=&#8221;0&#8243; z_index=&#8221;0&#8243; content_parallax=&#8221;0&#8243; uncode_shortcode_id=&#8221;128186&#8243;][vc_column column_width_percent=&#8221;100&#8243; gutter_size=&#8221;3&#8243; overlay_alpha=&#8221;50&#8243; shift_x=&#8221;0&#8243; shift_y=&#8221;0&#8243; shift_y_down=&#8221;0&#8243; z_index=&#8221;0&#8243; medium_width=&#8221;0&#8243; mobile_width=&#8221;0&#8243; width=&#8221;1\/1&#8243; uncode_shortcode_id=&#8221;424272&#8243;][vc_custom_heading text_color=&#8221;accent&#8221; heading_semantic=&#8221;p&#8221; text_size=&#8221;h6&#8243; text_transform=&#8221;uppercase&#8221; uncode_shortcode_id=&#8221;130491&#8243; text_color_type=&#8221;uncode-palette&#8221;]Receptif Ouest, incoming agency also offers :[\/vc_custom_heading][vc_custom_heading text_font=&#8221;font-207365&#8243; text_size=&#8221;h1&#8243; uncode_shortcode_id=&#8221;169217&#8243;]Turnkey days for your groups[\/vc_custom_heading][vc_row_inner row_inner_height_percent=&#8221;0&#8243; overlay_alpha=&#8221;50&#8243; gutter_size=&#8221;3&#8243; shift_y=&#8221;0&#8243; z_index=&#8221;0&#8243; limit_content=&#8221;&#8221; uncode_shortcode_id=&#8221;432300&#8243;][vc_column_inner column_width_percent=&#8221;100&#8243; gutter_size=&#8221;2&#8243; overlay_alpha=&#8221;50&#8243; shift_x=&#8221;0&#8243; shift_y=&#8221;0&#8243; shift_y_down=&#8221;0&#8243; z_index=&#8221;0&#8243; medium_width=&#8221;0&#8243; mobile_width=&#8221;0&#8243; width=&#8221;1\/2&#8243; uncode_shortcode_id=&#8221;162476&#8243;][vc_button size=&#8221;btn-lg&#8221; radius=&#8221;btn-default-shape&#8221; custom_typo=&#8221;yes&#8221; font_family=&#8221;font-555555&#8243; font_weight=&#8221;500&#8243; border_width=&#8221;0&#8243; scale_mobile=&#8221;no&#8221; uncode_shortcode_id=&#8221;172883&#8243; link=&#8221;url:https%3A%2F%2Fwww.receptif-ouest.fr%2Fen%2Fday-trips%2F|&#8221;]All our day programs[\/vc_button][\/vc_column_inner][vc_column_inner column_width_percent=&#8221;100&#8243; gutter_size=&#8221;2&#8243; overlay_alpha=&#8221;50&#8243; shift_x=&#8221;0&#8243; shift_y=&#8221;0&#8243; shift_y_down=&#8221;0&#8243; z_index=&#8221;0&#8243; medium_width=&#8221;0&#8243; mobile_width=&#8221;0&#8243; width=&#8221;1\/2&#8243; uncode_shortcode_id=&#8221;114913&#8243;][uncode_carousel_nav padding=&#8221;0&#8243; h_align=&#8221;right&#8221; arrow_style=&#8221;round&#8221; arrow_bg_size=&#8221;sm&#8221; icon=&#8221;fa fa-arrow-right2&#8243; hide_dots=&#8221;yes&#8221; hide_counter=&#8221;yes&#8221; uncode_shortcode_id=&#8221;133620&#8243; target=&#8221;index-3255&#8243;][\/vc_column_inner][\/vc_row_inner][\/vc_column][\/vc_row][vc_row unlock_row_content=&#8221;yes&#8221; row_height_percent=&#8221;0&#8243; override_padding=&#8221;yes&#8221; h_padding=&#8221;2&#8243; top_padding=&#8221;0&#8243; bottom_padding=&#8221;3&#8243; overlay_alpha=&#8221;50&#8243; gutter_size=&#8221;4&#8243; column_width_percent=&#8221;100&#8243; shift_y=&#8221;0&#8243; z_index=&#8221;0&#8243; content_parallax=&#8221;0&#8243; uncode_shortcode_id=&#8221;107377&#8243;][vc_column column_width_percent=&#8221;100&#8243; gutter_size=&#8221;3&#8243; override_padding=&#8221;yes&#8221; column_padding=&#8221;3&#8243; overlay_alpha=&#8221;50&#8243; shift_x=&#8221;0&#8243; shift_y=&#8221;0&#8243; shift_y_down=&#8221;0&#8243; z_index=&#8221;0&#8243; medium_width=&#8221;3&#8243; mobile_width=&#8221;0&#8243; width=&#8221;1\/1&#8243; uncode_shortcode_id=&#8221;314508&#8243;][uncode_index el_id=&#8221;index-3255&#8243; index_type=&#8221;carousel&#8221; loop=&#8221;size:All|order_by:date|order:ASC|post_type:portfolio|taxonomy_count:8&#8243; carousel_lg=&#8221;6&#8243; carousel_md=&#8221;3&#8243; carousel_sm=&#8221;1&#8243; thumb_size=&#8221;four-five&#8221; gutter_size=&#8221;2&#8243; product_items=&#8221;title,media|featured|onpost|original|hide-sale|enhanced-atc,price|default&#8221; carousel_interval=&#8221;3000&#8243; carousel_navspeed=&#8221;400&#8243; advanced_nav=&#8221;yes&#8221; el_id1=&#8221;index-3255&#8243; stage_padding=&#8221;0&#8243; single_overlay_opacity=&#8221;1&#8243; single_overlay_visible=&#8221;yes&#8221; single_overlay_anim=&#8221;no&#8221; single_text_visible=&#8221;yes&#8221; single_text_anim=&#8221;no&#8221; single_secondary=&#8221;yes&#8221; single_h_align=&#8221;center&#8221; single_padding=&#8221;1&#8243; single_title_dimension=&#8221;h6&#8243; single_title_weight=&#8221;400&#8243; single_border=&#8221;yes&#8221; single_css_animation=&#8221;zoom-in&#8221; single_animation_delay=&#8221;200&#8243; uncode_shortcode_id=&#8221;161652&#8243;][\/vc_column][\/vc_row]<\/p>\n<\/div>","protected":false},"excerpt":{"rendered":"<p>[vc_row row_height_percent=&#8221;50&#8243; back_color=&#8221;color-wayh&#8221; back_image=&#8221;156258&#8243; kburns=&#8221;yes&#8221; overlay_alpha=&#8221;50&#8243; gutter_size=&#8221;3&#8243; column_width_percent=&#8221;100&#8243; shift_y=&#8221;0&#8243; z_index=&#8221;0&#8243; auto_height_device=&#8221;yes&#8221; content_parallax=&#8221;0&#8243; uncode_shortcode_id=&#8221;985062&#8243; back_color_type=&#8221;uncode-palette&#8221;][vc_column column_width_percent=&#8221;100&#8243; gutter_size=&#8221;3&#8243; override_padding=&#8221;yes&#8221; column_padding=&#8221;3&#8243; style=&#8221;dark&#8221; overlay_alpha=&#8221;50&#8243; [&hellip;]<\/p>\n","protected":false},"author":2,"featured_media":156259,"parent":0,"menu_order":0,"comment_status":"closed","ping_status":"closed","template":"","meta":{"footnotes":""},"class_list":["post-157237","page","type-page","status-publish","has-post-thumbnail","hentry","page_category-destinations-en"],"yoast_head":"<!-- This site is optimized with the Yoast SEO plugin v26.3 - https:\/\/yoast.com\/wordpress\/plugins\/seo\/ -->\n<title>Tailor-made group holidays in Brittany - R\u00e9ceptif-Ouest<\/title>\n<meta name=\"description\" content=\"Organize a unique stay in Brittany for your group: culture, nature, gastronomy and tailor-made activities with a local expert.\" \/>\n<meta name=\"robots\" content=\"index, follow, max-snippet:-1, max-image-preview:large, max-video-preview:-1\" \/>\n<link rel=\"canonical\" href=\"https:\/\/www.receptif-ouest.fr\/en\/brittany\/\" \/>\n<meta property=\"og:locale\" content=\"en_US\" \/>\n<meta property=\"og:type\" content=\"article\" \/>\n<meta property=\"og:title\" content=\"Tailor-made group holidays in Brittany - R\u00e9ceptif-Ouest\" \/>\n<meta property=\"og:description\" content=\"Organize a unique stay in Brittany for your group: culture, nature, gastronomy and tailor-made activities with a local expert.\" \/>\n<meta property=\"og:url\" content=\"https:\/\/www.receptif-ouest.fr\/en\/brittany\/\" \/>\n<meta property=\"og:site_name\" content=\"R\u00e9ceptif-Ouest\" \/>\n<meta property=\"article:modified_time\" content=\"2025-07-29T07:35:35+00:00\" \/>\n<meta property=\"og:image\" content=\"https:\/\/www.receptif-ouest.fr\/wp-content\/uploads\/2025\/07\/bretagne-saint-malo-6.jpg\" \/>\n\t<meta property=\"og:image:width\" content=\"1200\" \/>\n\t<meta property=\"og:image:height\" content=\"675\" \/>\n\t<meta property=\"og:image:type\" content=\"image\/jpeg\" \/>\n<meta name=\"twitter:card\" content=\"summary_large_image\" \/>\n<meta name=\"twitter:label1\" content=\"Est. reading time\" \/>\n\t<meta name=\"twitter:data1\" content=\"6 minutes\" \/>\n<script type=\"application\/ld+json\" class=\"yoast-schema-graph\">{\"@context\":\"https:\/\/schema.org\",\"@graph\":[{\"@type\":\"WebPage\",\"@id\":\"https:\/\/www.receptif-ouest.fr\/en\/brittany\/\",\"url\":\"https:\/\/www.receptif-ouest.fr\/en\/brittany\/\",\"name\":\"Tailor-made group holidays in Brittany - R\u00e9ceptif-Ouest\",\"isPartOf\":{\"@id\":\"https:\/\/www.receptif-ouest.fr\/en\/#website\"},\"primaryImageOfPage\":{\"@id\":\"https:\/\/www.receptif-ouest.fr\/en\/brittany\/#primaryimage\"},\"image\":{\"@id\":\"https:\/\/www.receptif-ouest.fr\/en\/brittany\/#primaryimage\"},\"thumbnailUrl\":\"https:\/\/www.receptif-ouest.fr\/wp-content\/uploads\/2025\/07\/bretagne-saint-malo-6.jpg\",\"datePublished\":\"2025-05-20T08:27:12+00:00\",\"dateModified\":\"2025-07-29T07:35:35+00:00\",\"description\":\"Organize a unique stay in Brittany for your group: culture, nature, gastronomy and tailor-made activities with a local expert.\",\"breadcrumb\":{\"@id\":\"https:\/\/www.receptif-ouest.fr\/en\/brittany\/#breadcrumb\"},\"inLanguage\":\"en-US\",\"potentialAction\":[{\"@type\":\"ReadAction\",\"target\":[\"https:\/\/www.receptif-ouest.fr\/en\/brittany\/\"]}]},{\"@type\":\"ImageObject\",\"inLanguage\":\"en-US\",\"@id\":\"https:\/\/www.receptif-ouest.fr\/en\/brittany\/#primaryimage\",\"url\":\"https:\/\/www.receptif-ouest.fr\/wp-content\/uploads\/2025\/07\/bretagne-saint-malo-6.jpg\",\"contentUrl\":\"https:\/\/www.receptif-ouest.fr\/wp-content\/uploads\/2025\/07\/bretagne-saint-malo-6.jpg\",\"width\":1200,\"height\":675,\"caption\":\"village bretagne visite groupe\"},{\"@type\":\"BreadcrumbList\",\"@id\":\"https:\/\/www.receptif-ouest.fr\/en\/brittany\/#breadcrumb\",\"itemListElement\":[{\"@type\":\"ListItem\",\"position\":1,\"name\":\"Accueil\",\"item\":\"https:\/\/www.receptif-ouest.fr\/en\/\"},{\"@type\":\"ListItem\",\"position\":2,\"name\":\"Brittany\"}]},{\"@type\":\"WebSite\",\"@id\":\"https:\/\/www.receptif-ouest.fr\/en\/#website\",\"url\":\"https:\/\/www.receptif-ouest.fr\/en\/\",\"name\":\"R\u00e9ceptif-Ouest\",\"description\":\"\",\"potentialAction\":[{\"@type\":\"SearchAction\",\"target\":{\"@type\":\"EntryPoint\",\"urlTemplate\":\"https:\/\/www.receptif-ouest.fr\/en\/?s={search_term_string}\"},\"query-input\":{\"@type\":\"PropertyValueSpecification\",\"valueRequired\":true,\"valueName\":\"search_term_string\"}}],\"inLanguage\":\"en-US\"}]}<\/script>\n<!-- \/ Yoast SEO plugin. -->","yoast_head_json":{"title":"Tailor-made group holidays in Brittany - R\u00e9ceptif-Ouest","description":"Organize a unique stay in Brittany for your group: culture, nature, gastronomy and tailor-made activities with a local expert.","robots":{"index":"index","follow":"follow","max-snippet":"max-snippet:-1","max-image-preview":"max-image-preview:large","max-video-preview":"max-video-preview:-1"},"canonical":"https:\/\/www.receptif-ouest.fr\/en\/brittany\/","og_locale":"en_US","og_type":"article","og_title":"Tailor-made group holidays in Brittany - R\u00e9ceptif-Ouest","og_description":"Organize a unique stay in Brittany for your group: culture, nature, gastronomy and tailor-made activities with a local expert.","og_url":"https:\/\/www.receptif-ouest.fr\/en\/brittany\/","og_site_name":"R\u00e9ceptif-Ouest","article_modified_time":"2025-07-29T07:35:35+00:00","og_image":[{"width":1200,"height":675,"url":"https:\/\/www.receptif-ouest.fr\/wp-content\/uploads\/2025\/07\/bretagne-saint-malo-6.jpg","type":"image\/jpeg"}],"twitter_card":"summary_large_image","twitter_misc":{"Est. reading time":"6 minutes"},"schema":{"@context":"https:\/\/schema.org","@graph":[{"@type":"WebPage","@id":"https:\/\/www.receptif-ouest.fr\/en\/brittany\/","url":"https:\/\/www.receptif-ouest.fr\/en\/brittany\/","name":"Tailor-made group holidays in Brittany - R\u00e9ceptif-Ouest","isPartOf":{"@id":"https:\/\/www.receptif-ouest.fr\/en\/#website"},"primaryImageOfPage":{"@id":"https:\/\/www.receptif-ouest.fr\/en\/brittany\/#primaryimage"},"image":{"@id":"https:\/\/www.receptif-ouest.fr\/en\/brittany\/#primaryimage"},"thumbnailUrl":"https:\/\/www.receptif-ouest.fr\/wp-content\/uploads\/2025\/07\/bretagne-saint-malo-6.jpg","datePublished":"2025-05-20T08:27:12+00:00","dateModified":"2025-07-29T07:35:35+00:00","description":"Organize a unique stay in Brittany for your group: culture, nature, gastronomy and tailor-made activities with a local expert.","breadcrumb":{"@id":"https:\/\/www.receptif-ouest.fr\/en\/brittany\/#breadcrumb"},"inLanguage":"en-US","potentialAction":[{"@type":"ReadAction","target":["https:\/\/www.receptif-ouest.fr\/en\/brittany\/"]}]},{"@type":"ImageObject","inLanguage":"en-US","@id":"https:\/\/www.receptif-ouest.fr\/en\/brittany\/#primaryimage","url":"https:\/\/www.receptif-ouest.fr\/wp-content\/uploads\/2025\/07\/bretagne-saint-malo-6.jpg","contentUrl":"https:\/\/www.receptif-ouest.fr\/wp-content\/uploads\/2025\/07\/bretagne-saint-malo-6.jpg","width":1200,"height":675,"caption":"village bretagne visite groupe"},{"@type":"BreadcrumbList","@id":"https:\/\/www.receptif-ouest.fr\/en\/brittany\/#breadcrumb","itemListElement":[{"@type":"ListItem","position":1,"name":"Accueil","item":"https:\/\/www.receptif-ouest.fr\/en\/"},{"@type":"ListItem","position":2,"name":"Brittany"}]},{"@type":"WebSite","@id":"https:\/\/www.receptif-ouest.fr\/en\/#website","url":"https:\/\/www.receptif-ouest.fr\/en\/","name":"R\u00e9ceptif-Ouest","description":"","potentialAction":[{"@type":"SearchAction","target":{"@type":"EntryPoint","urlTemplate":"https:\/\/www.receptif-ouest.fr\/en\/?s={search_term_string}"},"query-input":{"@type":"PropertyValueSpecification","valueRequired":true,"valueName":"search_term_string"}}],"inLanguage":"en-US"}]}},"_links":{"self":[{"href":"https:\/\/www.receptif-ouest.fr\/en\/wp-json\/wp\/v2\/pages\/157237","targetHints":{"allow":["GET"]}}],"collection":[{"href":"https:\/\/www.receptif-ouest.fr\/en\/wp-json\/wp\/v2\/pages"}],"about":[{"href":"https:\/\/www.receptif-ouest.fr\/en\/wp-json\/wp\/v2\/types\/page"}],"author":[{"embeddable":true,"href":"https:\/\/www.receptif-ouest.fr\/en\/wp-json\/wp\/v2\/users\/2"}],"replies":[{"embeddable":true,"href":"https:\/\/www.receptif-ouest.fr\/en\/wp-json\/wp\/v2\/comments?post=157237"}],"version-history":[{"count":4,"href":"https:\/\/www.receptif-ouest.fr\/en\/wp-json\/wp\/v2\/pages\/157237\/revisions"}],"predecessor-version":[{"id":157247,"href":"https:\/\/www.receptif-ouest.fr\/en\/wp-json\/wp\/v2\/pages\/157237\/revisions\/157247"}],"wp:featuredmedia":[{"embeddable":true,"href":"https:\/\/www.receptif-ouest.fr\/en\/wp-json\/wp\/v2\/media\/156259"}],"wp:attachment":[{"href":"https:\/\/www.receptif-ouest.fr\/en\/wp-json\/wp\/v2\/media?parent=157237"}],"curies":[{"name":"wp","href":"https:\/\/api.w.org\/{rel}","templated":true}]}}